{"id":429,"date":"2024-01-22T12:35:27","date_gmt":"2024-01-22T11:35:27","guid":{"rendered":"https:\/\/pletertravel.com\/?page_id=429"},"modified":"2026-04-28T11:30:20","modified_gmt":"2026-04-28T09:30:20","slug":"politika-privatnosti","status":"publish","type":"page","link":"https:\/\/pletertravel.com\/hr\/politika-privatnosti\/","title":{"rendered":"Politika privatnosti"},"content":{"rendered":"<p class=\"privacy-policy-p\">Ova Pravila o privatnosti opisuju pravila tvrtke<\/p>\n<p>Pleter Travel,<br \/>\nHrvatska,<br \/>\ne-po\u0161ta: info@pletertravel.com<\/p>\n<p>o prikupljanju, kori\u0161tenju i otkrivanju va\u0161ih podataka koje prikupljamo kada koristite na\u0161u web stranicu (https:\/\/pletertravel.com). (\u201eUsluga\u201c). Pristupom ili kori\u0161tenjem Usluge pristajete na prikupljanje, kori\u0161tenje i otkrivanje va\u0161ih podataka u skladu s ovim Pravilima o privatnosti. Ako ne pristajete na isto, molimo vas da ne pristupate Usluzi ili je ne koristite.<\/p>\n<p class=\"privacy-policy-p\">Ova Pravila o privatnosti mo\u017eemo izmijeniti u bilo kojem trenutku bez prethodne obavijesti i objavit \u0107emo revidirana Pravila o privatnosti na Usluzi. Revidirana Pravila stupit \u0107e na snagu 180 dana od objave revidiranih Pravila na Usluzi, a va\u0161 daljnji pristup ili kori\u0161tenje Usluge nakon tog vremena smatrat \u0107e se va\u0161im prihva\u0107anjem revidiranih Pravila o privatnosti. Stoga preporu\u010dujemo da povremeno pregledavate ovu stranicu.<\/p>\n<ol class=\"privacy-policy-ol\">\n<li>\n<h2 class=\"privacy-policy-h2\">Va\u0161a prava:<\/h2>\n<p class=\"privacy-policy-p\">Ovisno o primjenjivom zakonu, mo\u017eete imati pravo pristupa i ispravljanja ili brisanja svojih osobnih podataka ili primanja kopije svojih osobnih podataka, ograni\u010davanja ili prigovora na aktivnu obradu svojih podataka, zatra\u017eiti od nas da podijelimo (prenesemo) svoje osobne podatke drugom subjektu, povu\u0107i bilo kakvu privolu koju ste nam dali za obradu va\u0161ih podataka, pravo na podno\u0161enje pritu\u017ebe zakonskom tijelu i druga prava koja mogu biti relevantna prema primjenjivim zakonima. Da biste ostvarili ta prava, mo\u017eete nam pisati na info@pletertravel.com. Odgovorit \u0107emo na va\u0161 zahtjev u skladu s va\u017ee\u0107im zakonom.<\/p>\n<p class=\"privacy-policy-p\">Imajte na umu da ako nam ne dopustite prikupljanje ili obradu potrebnih osobnih podataka ili povu\u010dete privolu za obradu istih u potrebne svrhe, mo\u017eda ne\u0107ete mo\u0107i pristupiti ili koristiti usluge za koje su va\u0161i podaci tra\u017eeni.<\/p>\n<\/li>\n<li>\n<h2 class=\"privacy-policy-h2\">Kola\u010di\u0107i itd.<\/h2>\n<p>Da biste saznali vi\u0161e o tome kako ih koristimo i va\u0161im izborima u vezi s ovim tehnologijama pra\u0107enja, pogledajte na\u0161u <a href=\"https:\/\/pletertravel.com\/hr\/politika-privatnosti\/\">Politiku kola\u010di\u0107a.<\/a><\/li>\n<li>\n<h2 class=\"privacy-policy-h2\">Sigurnost:<\/h2>\n<p class=\"privacy-policy-p\">Sigurnost va\u0161ih podataka nam je va\u017ena i koristit \u0107emo razumne sigurnosne mjere kako bismo sprije\u010dili gubitak, zlouporabu ili neovla\u0161tenu izmjenu va\u0161ih podataka pod na\u0161om kontrolom. Me\u0111utim, s obzirom na inherentne rizike, ne mo\u017eemo jam\u010diti apsolutnu sigurnost i posljedi\u010dno ne mo\u017eemo osigurati ili jam\u010diti sigurnost bilo koje informacije koju nam prenesete te to \u010dinite na vlastitu odgovornost.<\/p>\n<\/li>\n<li>\n<h2 class=\"privacy-policy-h2\">Slu\u017ebenik za pritu\u017ebe \/ za\u0161titu podataka:<\/h2>\n<p class=\"privacy-policy-p\">Ako imate bilo kakvih pitanja ili nedoumica u vezi s obradom va\u0161ih podataka koji su nam dostupni, mo\u017eete poslati e-po\u0161tu na\u0161em slu\u017ebeniku za pritu\u017ebe u Pleter Travelu, e-po\u0161ta: info@pletertravel.com.<br \/>\nOdgovorit \u0107emo na va\u0161e nedoumice u skladu s va\u017ee\u0107im zakonom.<\/p>\n<\/li>\n<\/ol>\n","protected":false},"excerpt":{"rendered":"<p>Ova Pravila o privatnosti opisuju pravila tvrtke Pleter Travel, Hrvatska, e-po\u0161ta: info@pletertravel.com o prikupljanju, kori\u0161tenju i otkrivanju va\u0161ih podataka koje prikupljamo kada koristite na\u0161u web stranicu (https:\/\/pletertravel.com). (\u201eUsluga\u201c). Pristupom ili kori\u0161tenjem Usluge pristajete na prikupljanje, kori\u0161tenje i otkrivanje va\u0161ih podataka u skladu s ovim Pravilima o privatnosti. Ako ne pristajete na isto, molimo vas da [&hellip;]<\/p>\n","protected":false},"author":1,"featured_media":56,"parent":0,"menu_order":0,"comment_status":"closed","ping_status":"closed","template":"template-default.php","meta":{"_acf_changed":false,"footnotes":""},"class_list":["post-429","page","type-page","status-publish","has-post-thumbnail","hentry"],"acf":[],"_links":{"self":[{"href":"https:\/\/pletertravel.com\/hr\/wp-json\/wp\/v2\/pages\/429","targetHints":{"allow":["GET"]}}],"collection":[{"href":"https:\/\/pletertravel.com\/hr\/wp-json\/wp\/v2\/pages"}],"about":[{"href":"https:\/\/pletertravel.com\/hr\/wp-json\/wp\/v2\/types\/page"}],"author":[{"embeddable":true,"href":"https:\/\/pletertravel.com\/hr\/wp-json\/wp\/v2\/users\/1"}],"replies":[{"embeddable":true,"href":"https:\/\/pletertravel.com\/hr\/wp-json\/wp\/v2\/comments?post=429"}],"version-history":[{"count":0,"href":"https:\/\/pletertravel.com\/hr\/wp-json\/wp\/v2\/pages\/429\/revisions"}],"wp:featuredmedia":[{"embeddable":true,"href":"https:\/\/pletertravel.com\/hr\/wp-json\/wp\/v2\/media\/56"}],"wp:attachment":[{"href":"https:\/\/pletertravel.com\/hr\/wp-json\/wp\/v2\/media?parent=429"}],"curies":[{"name":"wp","href":"https:\/\/api.w.org\/{rel}","templated":true}]}}