{"id":405,"date":"2024-03-09T14:09:25","date_gmt":"2024-03-09T13:09:25","guid":{"rendered":"https:\/\/pletertravel.com\/?page_id=405"},"modified":"2026-04-28T08:52:05","modified_gmt":"2026-04-28T06:52:05","slug":"sve-ture","status":"publish","type":"page","link":"https:\/\/pletertravel.com\/hr\/sve-ture\/","title":{"rendered":"Sve ture"},"content":{"rendered":"<p style=\"text-align: center;\">Do\u017eivite Hrvatsku na svoj na\u010din s privatnim putovanjima Pleter Travela. Svako putovanje pa\u017eljivo je prilago\u0111eno va\u0161im \u017eeljama, interesima i tempu, daju\u0107i vam potpunu slobodu istra\u017eivanja bez fiksnih rasporeda ili pretrpanih ruta. \u017delite li posjetiti skrivene uvale, u\u017eivati \u200b\u200bu autenti\u010dnim lokalnim iskustvima, opustiti se u prirodi ili otkriti najpoznatije znamenitosti Hrvatske, svako putovanje dizajniramo isklju\u010divo za vas. S Pleter Travelom, va\u0161e putovanje nije samo putovanje &#8211; to je osobno iskustvo putovanja stvoreno oko vas.<\/p>\n","protected":false},"excerpt":{"rendered":"<p>Do\u017eivite Hrvatsku na svoj na\u010din s privatnim putovanjima Pleter Travela. Svako putovanje pa\u017eljivo je prilago\u0111eno va\u0161im \u017eeljama, interesima i tempu, daju\u0107i vam potpunu slobodu istra\u017eivanja bez fiksnih rasporeda ili pretrpanih ruta. \u017delite li posjetiti skrivene uvale, u\u017eivati \u200b\u200bu autenti\u010dnim lokalnim iskustvima, opustiti se u prirodi ili otkriti najpoznatije znamenitosti Hrvatske, svako putovanje dizajniramo isklju\u010divo za [&hellip;]<\/p>\n","protected":false},"author":1,"featured_media":56,"parent":0,"menu_order":0,"comment_status":"closed","ping_status":"closed","template":"template-tours.php","meta":{"_acf_changed":false,"footnotes":""},"class_list":["post-405","page","type-page","status-publish","has-post-thumbnail","hentry"],"acf":[],"_links":{"self":[{"href":"https:\/\/pletertravel.com\/hr\/wp-json\/wp\/v2\/pages\/405","targetHints":{"allow":["GET"]}}],"collection":[{"href":"https:\/\/pletertravel.com\/hr\/wp-json\/wp\/v2\/pages"}],"about":[{"href":"https:\/\/pletertravel.com\/hr\/wp-json\/wp\/v2\/types\/page"}],"author":[{"embeddable":true,"href":"https:\/\/pletertravel.com\/hr\/wp-json\/wp\/v2\/users\/1"}],"replies":[{"embeddable":true,"href":"https:\/\/pletertravel.com\/hr\/wp-json\/wp\/v2\/comments?post=405"}],"version-history":[{"count":0,"href":"https:\/\/pletertravel.com\/hr\/wp-json\/wp\/v2\/pages\/405\/revisions"}],"wp:featuredmedia":[{"embeddable":true,"href":"https:\/\/pletertravel.com\/hr\/wp-json\/wp\/v2\/media\/56"}],"wp:attachment":[{"href":"https:\/\/pletertravel.com\/hr\/wp-json\/wp\/v2\/media?parent=405"}],"curies":[{"name":"wp","href":"https:\/\/api.w.org\/{rel}","templated":true}]}}