{"id":401,"date":"2024-03-09T12:23:24","date_gmt":"2024-03-09T11:23:24","guid":{"rendered":"https:\/\/pletertravel.com\/?page_id=401"},"modified":"2026-04-28T08:44:02","modified_gmt":"2026-04-28T06:44:02","slug":"o-nama","status":"publish","type":"page","link":"https:\/\/pletertravel.com\/hr\/o-nama\/","title":{"rendered":"O nama"},"content":{"rendered":"<blockquote><p>Svi Pleter travelovi nude prvoklasno iskustvo razgledavanja i informativnu i zabavnu turu koju vodi na\u0161 tim.<\/p><\/blockquote>\n<p><strong>Pleter travel<\/strong> je hrvatska tvrtka koja strastveno \u017eeli s vama podijeliti najbolje od srednje Dalmacije. Najvi\u0161e volimo zajedno istra\u017eivati \u200b\u200bnova mjesta i nepoznate kutke ove prekrasne regije.<\/p>\n<p>\u017delimo svakom gostu pristupiti s posebnom pa\u017enjom, kako bi va\u0161 odmor u Hrvatskoj bio bezbri\u017ean i nezaboravan.<\/p>\n<p>Nudimo transfere od zra\u010dne luke do bilo kojeg grada ili otoka u Hrvatskoj ili bilo kojeg mjesta koje mo\u017eete pokazati na karti, s najluksuznijim vozilima i najbr\u017eim dostupnim gliserima. Na\u0161e iskusno osoblje, lokalni skiperi i turisti\u010dki vodi\u010di predani su tome da osiguraju da maksimalno iskoristite svoj dan odabirom jedne od na\u0161ih usluga.<\/p>\n","protected":false},"excerpt":{"rendered":"<p>Svi Pleter travelovi nude prvoklasno iskustvo razgledavanja i informativnu i zabavnu turu koju vodi na\u0161 tim. Pleter travel je hrvatska tvrtka koja strastveno \u017eeli s vama podijeliti najbolje od srednje Dalmacije. Najvi\u0161e volimo zajedno istra\u017eivati \u200b\u200bnova mjesta i nepoznate kutke ove prekrasne regije. \u017delimo svakom gostu pristupiti s posebnom pa\u017enjom, kako bi va\u0161 odmor u [&hellip;]<\/p>\n","protected":false},"author":1,"featured_media":56,"parent":0,"menu_order":0,"comment_status":"closed","ping_status":"closed","template":"template-about.php","meta":{"_acf_changed":false,"footnotes":""},"class_list":["post-401","page","type-page","status-publish","has-post-thumbnail","hentry"],"acf":[],"_links":{"self":[{"href":"https:\/\/pletertravel.com\/hr\/wp-json\/wp\/v2\/pages\/401","targetHints":{"allow":["GET"]}}],"collection":[{"href":"https:\/\/pletertravel.com\/hr\/wp-json\/wp\/v2\/pages"}],"about":[{"href":"https:\/\/pletertravel.com\/hr\/wp-json\/wp\/v2\/types\/page"}],"author":[{"embeddable":true,"href":"https:\/\/pletertravel.com\/hr\/wp-json\/wp\/v2\/users\/1"}],"replies":[{"embeddable":true,"href":"https:\/\/pletertravel.com\/hr\/wp-json\/wp\/v2\/comments?post=401"}],"version-history":[{"count":0,"href":"https:\/\/pletertravel.com\/hr\/wp-json\/wp\/v2\/pages\/401\/revisions"}],"wp:featuredmedia":[{"embeddable":true,"href":"https:\/\/pletertravel.com\/hr\/wp-json\/wp\/v2\/media\/56"}],"wp:attachment":[{"href":"https:\/\/pletertravel.com\/hr\/wp-json\/wp\/v2\/media?parent=401"}],"curies":[{"name":"wp","href":"https:\/\/api.w.org\/{rel}","templated":true}]}}